{"id":471,"date":"2024-03-30T19:47:04","date_gmt":"2024-03-30T19:47:04","guid":{"rendered":"https:\/\/epmc.ro\/en\/?page_id=471"},"modified":"2026-02-16T20:26:22","modified_gmt":"2026-02-16T20:26:22","slug":"project-management","status":"publish","type":"page","link":"https:\/\/epmc.ro\/en\/consulting\/project-management\/","title":{"rendered":"Project management"},"content":{"rendered":"<p>[et_pb_section fb_built=&#8221;1&#8243; admin_label=&#8221;Course Hero&#8221; _builder_version=&#8221;4.24.2&#8243; background_color=&#8221;#67c6bb&#8221; background_image=&#8221;https:\/\/epmc.ro\/en\/wp-content\/uploads\/2024\/03\/coding-background-texture.jpg&#8221; background_blend=&#8221;overlay&#8221; custom_padding=&#8221;100px|0px|180px|0px&#8221; animation_style=&#8221;slide&#8221; animation_direction=&#8221;top&#8221; animation_intensity_slide=&#8221;2%&#8221; locked=&#8221;off&#8221; global_colors_info=&#8221;{}&#8221;][et_pb_row column_structure=&#8221;3_5,2_5&#8243; _builder_version=&#8221;4.24.2&#8243; custom_margin=&#8221;|||&#8221; custom_width_px=&#8221;1280px&#8221; global_colors_info=&#8221;{}&#8221;][et_pb_column type=&#8221;3_5&#8243; _builder_version=&#8221;4.16&#8243; custom_padding=&#8221;|||&#8221; global_colors_info=&#8221;{}&#8221; custom_padding__hover=&#8221;|||&#8221;][et_pb_text admin_label=&#8221;Titlu&#8221; _builder_version=&#8221;4.27.5&#8243; header_font=&#8221;|on|||&#8221; header_font_size=&#8221;42px&#8221; header_line_height=&#8221;1.3em&#8221; background_layout=&#8221;dark&#8221; custom_padding=&#8221;|||&#8221; header_font_size_tablet=&#8221;&#8221; header_font_size_phone=&#8221;&#8221; header_font_size_last_edited=&#8221;on|desktop&#8221; locked=&#8221;off&#8221; global_colors_info=&#8221;{}&#8221;]<\/p>\n<h1>EPMC CONSULTING<span style=\"font-size: large; color: rgba(255, 255, 255, 0.47);\"> project management<\/span><\/h1>\n<p>[\/et_pb_text][et_pb_text _builder_version=&#8221;4.27.5&#8243; text_text_color=&#8221;#FFFFFF&#8221; text_font_size=&#8221;16px&#8221; text_line_height=&#8221;1.9em&#8221; locked=&#8221;off&#8221; global_colors_info=&#8221;{}&#8221;]Winning a competition, when speaking about projects, represents only the beginning of the most challenging phase in a project\u2019s lifecycle: its implementation. This stage validates the project development approach. Our team supports clients throughout project implementation, both in ensuring effective project management and in complying with the funding authority\u2019s requirements.[\/et_pb_text][et_pb_button button_url=&#8221;#&#8221; button_text=&#8221;Watch the Preview&#8221; disabled_on=&#8221;on|on|on&#8221; _builder_version=&#8221;4.24.2&#8243; custom_button=&#8221;on&#8221; button_text_size=&#8221;16px&#8221; button_text_color=&#8221;#ffffff&#8221; button_bg_color=&#8221;#09e1c0&#8243; button_border_width=&#8221;10px&#8221; button_border_color=&#8221;#09e1c0&#8243; button_border_radius=&#8221;100px&#8221; button_letter_spacing=&#8221;1px&#8221; button_font=&#8221;|on||on|&#8221; button_icon=&#8221;&#x45;||divi||400&#8243; button_on_hover=&#8221;off&#8221; custom_margin=&#8221;20px|||&#8221; animation_style=&#8221;zoom&#8221; animation_delay=&#8221;100ms&#8221; animation_intensity_zoom=&#8221;10%&#8221; box_shadow_style=&#8221;preset1&#8243; box_shadow_vertical=&#8221;10px&#8221; box_shadow_blur=&#8221;50px&#8221; box_shadow_spread=&#8221;5px&#8221; box_shadow_color=&#8221;rgba(0,188,160,0.6)&#8221; button_letter_spacing_hover=&#8221;2px&#8221; disabled=&#8221;on&#8221; saved_tabs=&#8221;all&#8221; locked=&#8221;off&#8221; global_colors_info=&#8221;{}&#8221; button_text_size__hover_enabled=&#8221;off&#8221; button_text_size__hover=&#8221;null&#8221; button_one_text_size__hover_enabled=&#8221;off&#8221; button_one_text_size__hover=&#8221;null&#8221; button_two_text_size__hover_enabled=&#8221;off&#8221; button_two_text_size__hover=&#8221;null&#8221; button_text_color__hover_enabled=&#8221;off&#8221; button_text_color__hover=&#8221;null&#8221; button_one_text_color__hover_enabled=&#8221;off&#8221; button_one_text_color__hover=&#8221;null&#8221; button_two_text_color__hover_enabled=&#8221;off&#8221; button_two_text_color__hover=&#8221;null&#8221; button_border_width__hover_enabled=&#8221;off&#8221; button_border_width__hover=&#8221;null&#8221; button_one_border_width__hover_enabled=&#8221;off&#8221; button_one_border_width__hover=&#8221;null&#8221; button_two_border_width__hover_enabled=&#8221;off&#8221; button_two_border_width__hover=&#8221;null&#8221; button_border_color__hover_enabled=&#8221;off&#8221; button_border_color__hover=&#8221;null&#8221; button_one_border_color__hover_enabled=&#8221;off&#8221; button_one_border_color__hover=&#8221;null&#8221; button_two_border_color__hover_enabled=&#8221;off&#8221; button_two_border_color__hover=&#8221;null&#8221; button_border_radius__hover_enabled=&#8221;off&#8221; button_border_radius__hover=&#8221;null&#8221; button_one_border_radius__hover_enabled=&#8221;off&#8221; button_one_border_radius__hover=&#8221;null&#8221; button_two_border_radius__hover_enabled=&#8221;off&#8221; button_two_border_radius__hover=&#8221;null&#8221; button_letter_spacing__hover_enabled=&#8221;on&#8221; button_letter_spacing__hover=&#8221;2px&#8221; button_one_letter_spacing__hover_enabled=&#8221;off&#8221; button_one_letter_spacing__hover=&#8221;null&#8221; button_two_letter_spacing__hover_enabled=&#8221;off&#8221; button_two_letter_spacing__hover=&#8221;null&#8221; button_bg_color__hover_enabled=&#8221;off&#8221; button_bg_color__hover=&#8221;null&#8221; button_one_bg_color__hover_enabled=&#8221;off&#8221; button_one_bg_color__hover=&#8221;null&#8221; button_two_bg_color__hover_enabled=&#8221;off&#8221; button_two_bg_color__hover=&#8221;null&#8221;][\/et_pb_button][\/et_pb_column][et_pb_column type=&#8221;2_5&#8243; _builder_version=&#8221;4.16&#8243; custom_padding=&#8221;|||&#8221; global_colors_info=&#8221;{}&#8221; custom_padding__hover=&#8221;|||&#8221;][et_pb_image src=&#8221;https:\/\/epmc.ro\/en\/wp-content\/uploads\/2024\/03\/coding-isometric-11.png&#8221; align_tablet=&#8221;center&#8221; align_phone=&#8221;center&#8221; align_last_edited=&#8221;on|desktop&#8221; disabled_on=&#8221;on|on|on&#8221; _builder_version=&#8221;4.24.2&#8243; animation_style=&#8221;zoom&#8221; animation_direction=&#8221;left&#8221; animation_intensity_zoom=&#8221;20%&#8221; disabled=&#8221;on&#8221; global_colors_info=&#8221;{}&#8221;][\/et_pb_image][\/et_pb_column][\/et_pb_row][\/et_pb_section][et_pb_section fb_built=&#8221;1&#8243; specialty=&#8221;on&#8221; padding_top_2=&#8221;0px&#8221; admin_label=&#8221;Course Chapters&#8221; _builder_version=&#8221;4.24.2&#8243; custom_margin=&#8221;|||&#8221; custom_padding=&#8221;0px||0px||false|false&#8221; global_colors_info=&#8221;{}&#8221;][et_pb_column type=&#8221;2_3&#8243; specialty_columns=&#8221;2&#8243; _builder_version=&#8221;4.16&#8243; custom_padding=&#8221;|||&#8221; global_colors_info=&#8221;{}&#8221; parallax__hover=&#8221;off&#8221; parallax_method__hover=&#8221;on&#8221; custom_padding__hover=&#8221;|||&#8221;][et_pb_row_inner column_structure=&#8221;1_3,1_3,1_3&#8243; use_custom_gutter=&#8221;on&#8221; gutter_width=&#8221;2&#8243; make_equal=&#8221;on&#8221; _builder_version=&#8221;4.24.2&#8243; custom_margin=&#8221;-80px|||&#8221; custom_padding=&#8221;0px||0px||false|false&#8221; global_colors_info=&#8221;{}&#8221;][et_pb_column_inner type=&#8221;1_3&#8243; saved_specialty_column_type=&#8221;2_3&#8243; _builder_version=&#8221;4.24.2&#8243; background_color=&#8221;#51a39a&#8221; custom_padding=&#8221;|||&#8221; border_radii=&#8221;on|50px|50px|50px|50px&#8221; global_colors_info=&#8221;{}&#8221; parallax__hover=&#8221;off&#8221; parallax_method__hover=&#8221;on&#8221; custom_padding__hover=&#8221;|||&#8221;][et_pb_number_counter title=&#8221;project management contracts&#8221; number=&#8221;12&#8243; percent_sign=&#8221;off&#8221; admin_label=&#8221;12&#8243; _builder_version=&#8221;4.27.5&#8243; _module_preset=&#8221;default&#8221; title_text_color=&#8221;#FFFFFF&#8221; title_font_size=&#8221;16px&#8221; title_line_height=&#8221;1.9em&#8221; number_text_color=&#8221;#FFFFFF&#8221; background_color=&#8221;#51a39a&#8221; background_layout=&#8221;dark&#8221; custom_padding=&#8221;30px|20px|30px|20px|false|false&#8221; border_radii=&#8221;on|50px|50px|50px|50px&#8221; global_colors_info=&#8221;{}&#8221;][\/et_pb_number_counter][\/et_pb_column_inner][et_pb_column_inner type=&#8221;1_3&#8243; saved_specialty_column_type=&#8221;2_3&#8243; _builder_version=&#8221;4.24.2&#8243; background_color=&#8221;#51a39a&#8221; custom_padding=&#8221;|||&#8221; border_radii=&#8221;on|50px|50px|50px|50px&#8221; global_colors_info=&#8221;{}&#8221; parallax__hover=&#8221;off&#8221; parallax_method__hover=&#8221;on&#8221; custom_padding__hover=&#8221;|||&#8221;][et_pb_number_counter title=&#8221;experts&#8221; number=&#8221;130&#8243; percent_sign=&#8221;off&#8221; admin_label=&#8221;130&#8243; _builder_version=&#8221;4.27.5&#8243; _module_preset=&#8221;default&#8221; title_text_color=&#8221;#FFFFFF&#8221; title_font_size=&#8221;16px&#8221; title_line_height=&#8221;1.9em&#8221; number_text_color=&#8221;#FFFFFF&#8221; background_color=&#8221;#51a39a&#8221; background_layout=&#8221;dark&#8221; custom_padding=&#8221;30px|20px|30px|20px|false|false&#8221; border_radii=&#8221;on|50px|50px|50px|50px&#8221; global_colors_info=&#8221;{}&#8221;][\/et_pb_number_counter][\/et_pb_column_inner][et_pb_column_inner type=&#8221;1_3&#8243; saved_specialty_column_type=&#8221;2_3&#8243; _builder_version=&#8221;4.24.2&#8243; background_color=&#8221;#51a39a&#8221; custom_padding=&#8221;|||&#8221; border_radii=&#8221;on|50px|50px|50px|50px&#8221; global_colors_info=&#8221;{}&#8221; parallax__hover=&#8221;off&#8221; parallax_method__hover=&#8221;on&#8221; custom_padding__hover=&#8221;|||&#8221;][et_pb_number_counter title=&#8221;Romanian counties where we are present&#8221; number=&#8221;20&#8243; percent_sign=&#8221;off&#8221; admin_label=&#8221;20&#8243; _builder_version=&#8221;4.27.5&#8243; _module_preset=&#8221;default&#8221; title_text_color=&#8221;#FFFFFF&#8221; title_font_size=&#8221;16px&#8221; title_line_height=&#8221;1.9em&#8221; number_text_color=&#8221;#FFFFFF&#8221; background_color=&#8221;#51a39a&#8221; background_layout=&#8221;dark&#8221; custom_padding=&#8221;30px|20px|30px|20px|false|false&#8221; border_radii=&#8221;on|50px|50px|50px|50px&#8221; global_colors_info=&#8221;{}&#8221;][\/et_pb_number_counter][\/et_pb_column_inner][\/et_pb_row_inner][et_pb_row_inner use_custom_gutter=&#8221;on&#8221; gutter_width=&#8221;4&#8243; _builder_version=&#8221;4.24.2&#8243; custom_margin=&#8221;40px||||false|false&#8221; custom_padding=&#8221;0px||0px||false|false&#8221; global_colors_info=&#8221;{}&#8221;][et_pb_column_inner saved_specialty_column_type=&#8221;2_3&#8243; _builder_version=&#8221;4.16&#8243; custom_padding=&#8221;|||&#8221; global_colors_info=&#8221;{}&#8221; parallax__hover=&#8221;off&#8221; parallax_method__hover=&#8221;on&#8221; custom_padding__hover=&#8221;|||&#8221;][et_pb_blurb url=&#8221;#&#8221; image=&#8221;https:\/\/epmc.ro\/en\/wp-content\/uploads\/2024\/03\/EPMC_Consult_Management_de_proiect.jpg&#8221; content_max_width=&#8221;1100px&#8221; _builder_version=&#8221;4.27.5&#8243; header_font=&#8221;|on|||&#8221; header_text_color=&#8221;#2e2545&#8243; header_line_height=&#8221;1.5em&#8221; body_font_size=&#8221;16px&#8221; body_line_height=&#8221;1.9em&#8221; background_color=&#8221;#ffffff&#8221; custom_margin=&#8221;|||&#8221; custom_padding=&#8221;30px|40px|30px|40px&#8221; animation_style=&#8221;zoom&#8221; animation_direction=&#8221;bottom&#8221; animation_intensity_zoom=&#8221;20%&#8221; animation_starting_opacity=&#8221;100%&#8221; custom_css_free_form=&#8221;selector li {||  margin-left: 20px;||}&#8221; box_shadow_style=&#8221;preset2&#8243; box_shadow_horizontal=&#8221;0px&#8221; box_shadow_vertical=&#8221;0px&#8221; box_shadow_blur=&#8221;60px&#8221; box_shadow_color=&#8221;rgba(103,198,187,0.12)&#8221; image_max_width=&#8221;64px&#8221; locked=&#8221;off&#8221; global_colors_info=&#8221;{}&#8221;]<strong>Project Management Principles Applied by EPMC Consulting<\/strong><\/p>\n<p>Infrastructure project management is a dynamic process that involves planning, organizing, monitoring, and controlling all aspects of a project, as well as motivating all stakeholders to safely achieve the project objectives within the agreed timeframe, budget, and performance criteria.<\/p>\n<p>The implementation of an EU-funded project requires continuous interaction between the Managing Authority and the Beneficiary. The consultant\u2019s role is to provide managerial support to ensure effective project governance and successful completion.<\/p>\n<p>Our team ensures:<\/p>\n<ul>\n<li>Fulfilment of all obligations set out in the financing agreement;<\/li>\n<li>Ongoing communication with the Managing\/Financing Authority and the relevant regional bodies;<\/li>\n<li>Development and implementation of an appropriate system for tracking, monitoring, and reporting the progress of services and works, both during the execution phase and throughout the warranty period, in full compliance with the financing agreement requirements and the MySMIS2021 information management system;<\/li>\n<li>Periodic site visits to assess the progress of works contracts, identify any irregularities or deviations from contractual provisions, and prepare substantiated opinions and reports;<\/li>\n<li>Verification of periodic reports submitted by contractors;<\/li>\n<li>Technical review of documentation prepared by contractors: For design\u2013build contracts, contractors submit technical designs, building permit documentation, and detailed execution drawings for approval by the Beneficiary. For execution-only contracts, contractors submit detailed execution drawings for works requiring site or equipment-specific adjustments, as well as supporting technical documentation for any proposed contract modifications. The consultant prepares structured technical review reports for each submission;<\/li>\n<li>Support in preparing reimbursement and payment claims, as well as the letters of clarifications and formal positions in cases where the financing authority declares certain expenditures ineligible;<\/li>\n<li>Comprehensive contract management for all project-related contracts and preparation, at the required quality standard, of all reports, notifications, and draft addenda to the project financing agreement.<\/li>\n<\/ul>\n<p>[\/et_pb_blurb][\/et_pb_column_inner][\/et_pb_row_inner][\/et_pb_column][et_pb_column type=&#8221;1_3&#8243; _builder_version=&#8221;4.16&#8243; custom_padding=&#8221;|||&#8221; global_colors_info=&#8221;{}&#8221; padding_top__hover=&#8221;0px&#8221; parallax__hover=&#8221;off&#8221; parallax_method__hover=&#8221;on&#8221; custom_padding__hover=&#8221;|||&#8221;][et_pb_blurb url=&#8221;#&#8221; image=&#8221;https:\/\/epmc.ro\/en\/wp-content\/uploads\/2024\/03\/epmc-logo-color.png&#8221; image_icon_width=&#8221;100px&#8221; admin_label=&#8221;EPMC&#8221; _builder_version=&#8221;4.27.5&#8243; header_font=&#8221;|700|||||||&#8221; header_text_color=&#8221;#2e2545&#8243; header_line_height=&#8221;1.5em&#8221; body_text_align=&#8221;left&#8221; body_font_size=&#8221;16px&#8221; body_line_height=&#8221;1.9em&#8221; background_color=&#8221;#ffffff&#8221; text_orientation=&#8221;center&#8221; custom_margin=&#8221;-80px|||&#8221; custom_padding=&#8221;30px|40px|30px|40px&#8221; animation_style=&#8221;zoom&#8221; animation_direction=&#8221;bottom&#8221; animation_intensity_zoom=&#8221;20%&#8221; animation_starting_opacity=&#8221;100%&#8221; box_shadow_style=&#8221;preset1&#8243; box_shadow_vertical=&#8221;0px&#8221; box_shadow_blur=&#8221;60px&#8221; box_shadow_color=&#8221;rgba(103,198,187,0.12)&#8221; image_max_width=&#8221;100px&#8221; global_module=&#8221;2322&#8243; saved_tabs=&#8221;all&#8221; global_colors_info=&#8221;{}&#8221;]<\/p>\n<p>Within our projects, multidisciplinary teams of experts are mobilized, including environmental engineers, environmental specialists, design engineers with various technical specializations, site supervisors, economists, legal experts, and other relevant professionals.<\/p>\n<p>[\/et_pb_blurb][\/et_pb_column][\/et_pb_section][et_pb_section fb_built=&#8221;1&#8243; disabled_on=&#8221;off|off|off&#8221; _builder_version=&#8221;4.27.5&#8243; _module_preset=&#8221;default&#8221; custom_margin=&#8221;0px||||false|false&#8221; custom_padding=&#8221;0px||||false|false&#8221; global_colors_info=&#8221;{}&#8221;][et_pb_row disabled_on=&#8221;on|on|on&#8221; _builder_version=&#8221;4.27.5&#8243; _module_preset=&#8221;default&#8221; disabled=&#8221;on&#8221; global_colors_info=&#8221;{}&#8221;][et_pb_column type=&#8221;4_4&#8243; _builder_version=&#8221;4.24.2&#8243; _module_preset=&#8221;default&#8221; global_colors_info=&#8221;{}&#8221;][et_pb_divider show_divider=&#8221;off&#8221; disabled_on=&#8221;on|on|off&#8221; _builder_version=&#8221;4.24.2&#8243; _module_preset=&#8221;default&#8221; min_height=&#8221;20px&#8221; global_colors_info=&#8221;{}&#8221;][\/et_pb_divider][et_pb_text _builder_version=&#8221;4.24.2&#8243; _module_preset=&#8221;default&#8221; global_colors_info=&#8221;{}&#8221;]<\/p>\n<h3>PA\u0218II PROIECTULUI:<\/h3>\n<p>[\/et_pb_text][et_pb_toggle title=&#8221;1. Implementarea proiectului&#8221; icon_color=&#8221;#51a39a&#8221; toggle_icon=&#8221;&#x50;||divi||400&#8243; open_icon_color=&#8221;#67c6bb&#8221; open_toggle_icon=&#8221;&#x4f;||divi||400&#8243; admin_label=&#8221;1. Implementarea proiectului&#8221; _builder_version=&#8221;4.24.2&#8243; _module_preset=&#8221;default&#8221; custom_css_free_form=&#8221;selector li {||  margin-left: 10px;||}&#8221; global_colors_info=&#8221;{}&#8221;]<\/p>\n<ul>\n<li>Analiza condi\u021biilor contractului de finan\u021bare \u0219i alc\u0103tuirea agendei de raport\u0103ri \u0219i a altor conditionalit\u0103\u021bi contractuale;<\/li>\n<li>Planificarea detaliat\u0103 a activit\u0103\u021bilor;<\/li>\n<li>Ajustarea organiz\u0103rii resurselor, dac\u0103 este cazul (fi\u0219e de post, organizare, realoc\u0103ri, estimarea detaliat\u0103 a muncii depuse \u00een proiect);&nbsp;<\/li>\n<li>Planificarea financiar\u0103 detaliat\u0103, inclusiv a calendarului de \u00eencas\u0103ri \u0219i pl\u0103\u021bi \u0219i corelarea cu graficul de rambursare a creditului (dac\u0103 este cazul);<\/li>\n<li>Organizarea administrativ\u0103 a proiectului (arhiv\u0103, corespoden\u021b\u0103, formate, asigurarea conform\u0103rii cu cerin\u021bele obligatorii ale finan\u021batorului pentru informare \u0219i publicitate);<\/li>\n<li>Consultan\u021b\u0103 \u00een stabilirea unui sistem de coordonare, monitorizare \u0219i raportare \u00een cadrul proiectului adecvat pentru client \u0219i \u00een concordan\u021b\u0103 cu cerin\u021bele finan\u021batorului;<\/li>\n<li>Stabilirea procedurilor de achizi\u021bie proprii programului de finantare;<\/li>\n<li>Preg\u0103tirea vizitelor de monitorizare a finan\u021batorului \u0219i men\u021binerea rela\u021biei cu finan\u021batorul (coresponden\u021b\u0103, inform\u0103ri, ajust\u0103ri, etc.).<\/li>\n<li>Realizarea unui sistem de raportare financiar\u0103 adecvat cerin\u021belor finan\u021batorului, realizarea cererilor de plat\u0103 sau a cererilor de rambursare;<\/li>\n<li>Documentarea \u00eendeplinirii contractelor proiectului (de exemplu procese verbale de recep\u021bie, punere \u00een func\u021biune, etc.).<\/li>\n<\/ul>\n<p>[\/et_pb_toggle][et_pb_toggle title=&#8221;2. \u00cenchiderea proiectului&#8221; icon_color=&#8221;#51a39a&#8221; toggle_icon=&#8221;&#x50;||divi||400&#8243; open_icon_color=&#8221;#67c6bb&#8221; open_toggle_icon=&#8221;&#x4f;||divi||400&#8243; admin_label=&#8221;2. \u00cenchiderea proiectului&#8221; _builder_version=&#8221;4.24.2&#8243; _module_preset=&#8221;default&#8221; custom_css_free_form=&#8221;selector li {||  margin-left: 10px;||}&#8221; global_colors_info=&#8221;{}&#8221;]\u00cenchiderea proiectului reprezint\u0103 un moment important pentru asigurarea unor elemente precum: <\/p>\n<ul>\n<li>Atingerea rezultatelor estimate o dat\u0103 cu finalizarea activit\u0103\u021bilor proiectelor;<\/li>\n<li>Respectarea termenelor stabilite&nbsp;la nivel de proiect;&nbsp;<\/li>\n<li>Respectarea procedurilor \u0219i termenelor necesare condi\u021bionate de contractul de finan\u021bare (de exemplu data ultimelor pl\u0103\u021bi acceptate);&nbsp;<\/li>\n<li>Raport\u0103rile necesare pentru finalizarea proiectului;&nbsp;<\/li>\n<li>Verificarea atingerii indicatorilor \u0219i \u00eendeplinirii scopului proiectului \u0219i asigurarea existen\u021bei documentelor justificative\/doveditoare necesare \u2013 acestea sunt elemente care, nerealizate, pot duce la returnarea par\u021bial\u0103 sau integral\u0103 a finan\u021b\u0103rii nerambursabile;<\/li>\n<li>Evaluarea final\u0103 a proiectului;<\/li>\n<li>Aspecte administrative: arhivarea proiectului, eliberarea garan\u021biilor contractorilor, eventuale pl\u0103\u021bi finale (de exemplu audit);<\/li>\n<li>Instruirea Beneficiarului cu privire la obliga\u021biile de raportare \u0219i monitorizare \u00een perioada post implementare (raport de durabilitate, plan de operare a investi\u021biei etc.).<\/li>\n<\/ul>\n<p>[\/et_pb_toggle][et_pb_toggle title=&#8221;3. Activit\u0103\u021bi post-implementare&#8221; icon_color=&#8221;#51a39a&#8221; toggle_icon=&#8221;&#x50;||divi||400&#8243; open_icon_color=&#8221;#67c6bb&#8221; open_toggle_icon=&#8221;&#x4f;||divi||400&#8243; admin_label=&#8221;3. Activit\u0103\u021bi post-implementare&#8221; _builder_version=&#8221;4.24.2&#8243; _module_preset=&#8221;default&#8221; custom_css_free_form=&#8221;selector li {||  margin-left: 10px;||}&#8221; global_colors_info=&#8221;{}&#8221;]<\/p>\n<ul>\n<li>Monitorizarea valorilor indicatorilor de rezultat\/performan\u021b\u0103;<\/li>\n<li>Transmiterea anual\u0103 a rapoartelor privind durabilitatea investi\u021biei \u0219i dup\u0103 caz, men\u021binerea locurilor de munc\u0103;<\/li>\n<li>Preg\u0103tirea vizitelor de monitorizare anun\u021bate.<\/li>\n<\/ul>\n<p>[\/et_pb_toggle][\/et_pb_column][\/et_pb_row][\/et_pb_section]<\/p>\n","protected":false},"excerpt":{"rendered":"<p>EPMC CONSULTING project managementWinning a competition, when speaking about projects, represents only the beginning of the most challenging phase in a project\u2019s lifecycle: its implementation. This stage validates the project development approach. Our team supports clients throughout project implementation, both in ensuring effective project management and in complying with the funding authority\u2019s requirements.Project Management Principles [&hellip;]<\/p>\n","protected":false},"author":1,"featured_media":0,"parent":413,"menu_order":0,"comment_status":"closed","ping_status":"closed","template":"","meta":{"_et_pb_use_builder":"on","_et_pb_old_content":"","_et_gb_content_width":"","footnotes":""},"class_list":["post-471","page","type-page","status-publish","hentry"],"_links":{"self":[{"href":"https:\/\/epmc.ro\/en\/wp-json\/wp\/v2\/pages\/471","targetHints":{"allow":["GET"]}}],"collection":[{"href":"https:\/\/epmc.ro\/en\/wp-json\/wp\/v2\/pages"}],"about":[{"href":"https:\/\/epmc.ro\/en\/wp-json\/wp\/v2\/types\/page"}],"author":[{"embeddable":true,"href":"https:\/\/epmc.ro\/en\/wp-json\/wp\/v2\/users\/1"}],"replies":[{"embeddable":true,"href":"https:\/\/epmc.ro\/en\/wp-json\/wp\/v2\/comments?post=471"}],"version-history":[{"count":19,"href":"https:\/\/epmc.ro\/en\/wp-json\/wp\/v2\/pages\/471\/revisions"}],"predecessor-version":[{"id":2333,"href":"https:\/\/epmc.ro\/en\/wp-json\/wp\/v2\/pages\/471\/revisions\/2333"}],"up":[{"embeddable":true,"href":"https:\/\/epmc.ro\/en\/wp-json\/wp\/v2\/pages\/413"}],"wp:attachment":[{"href":"https:\/\/epmc.ro\/en\/wp-json\/wp\/v2\/media?parent=471"}],"curies":[{"name":"wp","href":"https:\/\/api.w.org\/{rel}","templated":true}]}}