{"id":518,"date":"2024-03-30T20:30:05","date_gmt":"2024-03-30T20:30:05","guid":{"rendered":"https:\/\/epmc.ro\/en\/?page_id=518"},"modified":"2026-02-16T21:09:18","modified_gmt":"2026-02-16T21:09:18","slug":"environmental-protection","status":"publish","type":"page","link":"https:\/\/epmc.ro\/en\/consulting\/environmental-protection\/","title":{"rendered":"Environmental protection"},"content":{"rendered":"<p>[et_pb_section fb_built=&#8221;1&#8243; admin_label=&#8221;Course Hero&#8221; _builder_version=&#8221;4.24.2&#8243; background_color=&#8221;#67c6bb&#8221; background_image=&#8221;https:\/\/epmc.ro\/en\/wp-content\/uploads\/2024\/03\/coding-background-texture.jpg&#8221; background_blend=&#8221;overlay&#8221; custom_padding=&#8221;100px|0px|180px|0px&#8221; animation_style=&#8221;slide&#8221; animation_direction=&#8221;top&#8221; animation_intensity_slide=&#8221;2%&#8221; locked=&#8221;off&#8221; global_colors_info=&#8221;{}&#8221;][et_pb_row column_structure=&#8221;3_5,2_5&#8243; _builder_version=&#8221;4.24.2&#8243; custom_margin=&#8221;|||&#8221; custom_width_px=&#8221;1280px&#8221; global_colors_info=&#8221;{}&#8221;][et_pb_column type=&#8221;3_5&#8243; _builder_version=&#8221;4.16&#8243; custom_padding=&#8221;|||&#8221; global_colors_info=&#8221;{}&#8221; custom_padding__hover=&#8221;|||&#8221;][et_pb_text admin_label=&#8221;Titlu&#8221; _builder_version=&#8221;4.27.5&#8243; header_font=&#8221;|on|||&#8221; header_font_size=&#8221;42px&#8221; header_line_height=&#8221;1.3em&#8221; background_layout=&#8221;dark&#8221; custom_padding=&#8221;|||&#8221; hover_enabled=&#8221;0&#8243; header_font_size_tablet=&#8221;&#8221; header_font_size_phone=&#8221;&#8221; header_font_size_last_edited=&#8221;on|desktop&#8221; locked=&#8221;off&#8221; global_colors_info=&#8221;{}&#8221; sticky_enabled=&#8221;0&#8243;]<\/p>\n<h1>EPMC CONSULTING<span style=\"font-size: large; color: rgba(255, 255, 255, 0.47);\"> environmental protection<\/span><\/h1>\n<p>[\/et_pb_text][et_pb_text _builder_version=&#8221;4.27.5&#8243; text_text_color=&#8221;#FFFFFF&#8221; text_font_size=&#8221;16px&#8221; text_line_height=&#8221;1.9em&#8221; hover_enabled=&#8221;0&#8243; locked=&#8221;off&#8221; global_colors_info=&#8221;{}&#8221; sticky_enabled=&#8221;0&#8243;]EPMC provides services for preparing environmental protection studies and for obtaining regulatory permits in the fields of environmental protection and water management, starting from the investment planning stage through operation, optimization, and closure of activities.[\/et_pb_text][et_pb_button button_url=&#8221;#&#8221; button_text=&#8221;Watch the Preview&#8221; disabled_on=&#8221;on|on|on&#8221; _builder_version=&#8221;4.24.2&#8243; custom_button=&#8221;on&#8221; button_text_size=&#8221;16px&#8221; button_text_color=&#8221;#ffffff&#8221; button_bg_color=&#8221;#09e1c0&#8243; button_border_width=&#8221;10px&#8221; button_border_color=&#8221;#09e1c0&#8243; button_border_radius=&#8221;100px&#8221; button_letter_spacing=&#8221;1px&#8221; button_font=&#8221;|on||on|&#8221; button_icon=&#8221;&#x45;||divi||400&#8243; button_on_hover=&#8221;off&#8221; custom_margin=&#8221;20px|||&#8221; animation_style=&#8221;zoom&#8221; animation_delay=&#8221;100ms&#8221; animation_intensity_zoom=&#8221;10%&#8221; box_shadow_style=&#8221;preset1&#8243; box_shadow_vertical=&#8221;10px&#8221; box_shadow_blur=&#8221;50px&#8221; box_shadow_spread=&#8221;5px&#8221; box_shadow_color=&#8221;rgba(0,188,160,0.6)&#8221; button_letter_spacing_hover=&#8221;2px&#8221; disabled=&#8221;on&#8221; saved_tabs=&#8221;all&#8221; locked=&#8221;off&#8221; global_colors_info=&#8221;{}&#8221; button_text_size__hover_enabled=&#8221;off&#8221; button_text_size__hover=&#8221;null&#8221; button_one_text_size__hover_enabled=&#8221;off&#8221; button_one_text_size__hover=&#8221;null&#8221; button_two_text_size__hover_enabled=&#8221;off&#8221; button_two_text_size__hover=&#8221;null&#8221; button_text_color__hover_enabled=&#8221;off&#8221; button_text_color__hover=&#8221;null&#8221; button_one_text_color__hover_enabled=&#8221;off&#8221; button_one_text_color__hover=&#8221;null&#8221; button_two_text_color__hover_enabled=&#8221;off&#8221; button_two_text_color__hover=&#8221;null&#8221; button_border_width__hover_enabled=&#8221;off&#8221; button_border_width__hover=&#8221;null&#8221; button_one_border_width__hover_enabled=&#8221;off&#8221; button_one_border_width__hover=&#8221;null&#8221; button_two_border_width__hover_enabled=&#8221;off&#8221; button_two_border_width__hover=&#8221;null&#8221; button_border_color__hover_enabled=&#8221;off&#8221; button_border_color__hover=&#8221;null&#8221; button_one_border_color__hover_enabled=&#8221;off&#8221; button_one_border_color__hover=&#8221;null&#8221; button_two_border_color__hover_enabled=&#8221;off&#8221; button_two_border_color__hover=&#8221;null&#8221; button_border_radius__hover_enabled=&#8221;off&#8221; button_border_radius__hover=&#8221;null&#8221; button_one_border_radius__hover_enabled=&#8221;off&#8221; button_one_border_radius__hover=&#8221;null&#8221; button_two_border_radius__hover_enabled=&#8221;off&#8221; button_two_border_radius__hover=&#8221;null&#8221; button_letter_spacing__hover_enabled=&#8221;on&#8221; button_letter_spacing__hover=&#8221;2px&#8221; button_one_letter_spacing__hover_enabled=&#8221;off&#8221; button_one_letter_spacing__hover=&#8221;null&#8221; button_two_letter_spacing__hover_enabled=&#8221;off&#8221; button_two_letter_spacing__hover=&#8221;null&#8221; button_bg_color__hover_enabled=&#8221;off&#8221; button_bg_color__hover=&#8221;null&#8221; button_one_bg_color__hover_enabled=&#8221;off&#8221; button_one_bg_color__hover=&#8221;null&#8221; button_two_bg_color__hover_enabled=&#8221;off&#8221; button_two_bg_color__hover=&#8221;null&#8221;][\/et_pb_button][\/et_pb_column][et_pb_column type=&#8221;2_5&#8243; _builder_version=&#8221;4.16&#8243; custom_padding=&#8221;|||&#8221; global_colors_info=&#8221;{}&#8221; custom_padding__hover=&#8221;|||&#8221;][et_pb_image src=&#8221;https:\/\/epmc.ro\/en\/wp-content\/uploads\/2024\/03\/coding-isometric-11.png&#8221; align_tablet=&#8221;center&#8221; align_phone=&#8221;center&#8221; align_last_edited=&#8221;on|desktop&#8221; disabled_on=&#8221;on|on|on&#8221; _builder_version=&#8221;4.24.2&#8243; animation_style=&#8221;zoom&#8221; animation_direction=&#8221;left&#8221; animation_intensity_zoom=&#8221;20%&#8221; disabled=&#8221;on&#8221; global_colors_info=&#8221;{}&#8221;][\/et_pb_image][\/et_pb_column][\/et_pb_row][\/et_pb_section][et_pb_section fb_built=&#8221;1&#8243; specialty=&#8221;on&#8221; padding_top_2=&#8221;0px&#8221; admin_label=&#8221;Course Chapters&#8221; _builder_version=&#8221;4.24.2&#8243; custom_margin=&#8221;|||&#8221; custom_padding=&#8221;0px||0px||false|false&#8221; global_colors_info=&#8221;{}&#8221;][et_pb_column type=&#8221;2_3&#8243; specialty_columns=&#8221;2&#8243; _builder_version=&#8221;4.16&#8243; custom_padding=&#8221;|||&#8221; global_colors_info=&#8221;{}&#8221; parallax__hover=&#8221;off&#8221; parallax_method__hover=&#8221;on&#8221; custom_padding__hover=&#8221;|||&#8221;][et_pb_row_inner column_structure=&#8221;1_3,1_3,1_3&#8243; use_custom_gutter=&#8221;on&#8221; gutter_width=&#8221;2&#8243; make_equal=&#8221;on&#8221; _builder_version=&#8221;4.24.2&#8243; custom_margin=&#8221;-80px|||&#8221; custom_padding=&#8221;0px||0px||false|false&#8221; global_colors_info=&#8221;{}&#8221;][et_pb_column_inner type=&#8221;1_3&#8243; saved_specialty_column_type=&#8221;2_3&#8243; _builder_version=&#8221;4.24.2&#8243; background_color=&#8221;#51a39a&#8221; custom_padding=&#8221;|||&#8221; border_radii=&#8221;on|50px|50px|50px|50px&#8221; global_colors_info=&#8221;{}&#8221; parallax__hover=&#8221;off&#8221; parallax_method__hover=&#8221;on&#8221; custom_padding__hover=&#8221;|||&#8221;][et_pb_number_counter title=&#8221;regulatory permits obtained&#8221; number=&#8221;150&#8243; percent_sign=&#8221;off&#8221; admin_label=&#8221;150&#8243; _builder_version=&#8221;4.27.5&#8243; _module_preset=&#8221;default&#8221; title_text_color=&#8221;#FFFFFF&#8221; title_font_size=&#8221;16px&#8221; title_line_height=&#8221;1.9em&#8221; number_text_color=&#8221;#FFFFFF&#8221; background_color=&#8221;#51a39a&#8221; background_layout=&#8221;dark&#8221; custom_padding=&#8221;30px|20px|30px|20px|false|false&#8221; hover_enabled=&#8221;0&#8243; border_radii=&#8221;on|50px|50px|50px|50px&#8221; global_colors_info=&#8221;{}&#8221; sticky_enabled=&#8221;0&#8243;][\/et_pb_number_counter][\/et_pb_column_inner][et_pb_column_inner type=&#8221;1_3&#8243; saved_specialty_column_type=&#8221;2_3&#8243; _builder_version=&#8221;4.24.2&#8243; background_color=&#8221;#51a39a&#8221; custom_padding=&#8221;|||&#8221; border_radii=&#8221;on|50px|50px|50px|50px&#8221; global_colors_info=&#8221;{}&#8221; parallax__hover=&#8221;off&#8221; parallax_method__hover=&#8221;on&#8221; custom_padding__hover=&#8221;|||&#8221;][et_pb_number_counter title=&#8221;clients&#8221; number=&#8221;60&#8243; percent_sign=&#8221;off&#8221; admin_label=&#8221;60&#8243; _builder_version=&#8221;4.27.5&#8243; _module_preset=&#8221;default&#8221; title_text_color=&#8221;#FFFFFF&#8221; title_font_size=&#8221;16px&#8221; title_line_height=&#8221;1.9em&#8221; number_text_color=&#8221;#FFFFFF&#8221; background_color=&#8221;#51a39a&#8221; background_layout=&#8221;dark&#8221; custom_padding=&#8221;30px|20px|30px|20px|false|false&#8221; hover_enabled=&#8221;0&#8243; border_radii=&#8221;on|50px|50px|50px|50px&#8221; global_colors_info=&#8221;{}&#8221; sticky_enabled=&#8221;0&#8243;][\/et_pb_number_counter][\/et_pb_column_inner][et_pb_column_inner type=&#8221;1_3&#8243; saved_specialty_column_type=&#8221;2_3&#8243; _builder_version=&#8221;4.24.2&#8243; background_color=&#8221;#51a39a&#8221; custom_padding=&#8221;|||&#8221; border_radii=&#8221;on|50px|50px|50px|50px&#8221; global_colors_info=&#8221;{}&#8221; parallax__hover=&#8221;off&#8221; parallax_method__hover=&#8221;on&#8221; custom_padding__hover=&#8221;|||&#8221;][et_pb_number_counter title=&#8221;contracts in 15 counties&#8221; number=&#8221;15&#8243; percent_sign=&#8221;off&#8221; admin_label=&#8221;15&#8243; _builder_version=&#8221;4.27.5&#8243; _module_preset=&#8221;default&#8221; title_text_color=&#8221;#FFFFFF&#8221; title_font_size=&#8221;16px&#8221; title_line_height=&#8221;1.9em&#8221; number_text_color=&#8221;#FFFFFF&#8221; background_color=&#8221;#51a39a&#8221; background_layout=&#8221;dark&#8221; custom_padding=&#8221;30px|20px|30px|20px|false|false&#8221; hover_enabled=&#8221;0&#8243; border_radii=&#8221;on|50px|50px|50px|50px&#8221; global_colors_info=&#8221;{}&#8221; sticky_enabled=&#8221;0&#8243;][\/et_pb_number_counter][\/et_pb_column_inner][\/et_pb_row_inner][et_pb_row_inner use_custom_gutter=&#8221;on&#8221; gutter_width=&#8221;4&#8243; _builder_version=&#8221;4.24.2&#8243; custom_margin=&#8221;40px||||false|false&#8221; custom_padding=&#8221;0px||0px||false|false&#8221; global_colors_info=&#8221;{}&#8221;][et_pb_column_inner saved_specialty_column_type=&#8221;2_3&#8243; _builder_version=&#8221;4.16&#8243; custom_padding=&#8221;|||&#8221; global_colors_info=&#8221;{}&#8221; parallax__hover=&#8221;off&#8221; parallax_method__hover=&#8221;on&#8221; custom_padding__hover=&#8221;|||&#8221;][et_pb_blurb url=&#8221;#&#8221; image=&#8221;https:\/\/epmc.ro\/en\/wp-content\/uploads\/2024\/03\/Protectia_Mediului.jpg&#8221; content_max_width=&#8221;1100px&#8221; _builder_version=&#8221;4.27.5&#8243; header_font=&#8221;|on|||&#8221; header_text_color=&#8221;#2e2545&#8243; header_line_height=&#8221;1.5em&#8221; body_font_size=&#8221;16px&#8221; body_line_height=&#8221;1.9em&#8221; background_color=&#8221;#ffffff&#8221; custom_margin=&#8221;|||&#8221; custom_padding=&#8221;30px|40px|30px|40px&#8221; animation_style=&#8221;zoom&#8221; animation_direction=&#8221;bottom&#8221; animation_intensity_zoom=&#8221;20%&#8221; animation_starting_opacity=&#8221;100%&#8221; hover_enabled=&#8221;0&#8243; custom_css_free_form=&#8221;selector li {||  margin-left: 20px;||}&#8221; box_shadow_style=&#8221;preset2&#8243; box_shadow_horizontal=&#8221;0px&#8221; box_shadow_vertical=&#8221;0px&#8221; box_shadow_blur=&#8221;60px&#8221; box_shadow_color=&#8221;rgba(103,198,187,0.12)&#8221; image_max_width=&#8221;64px&#8221; locked=&#8221;off&#8221; global_colors_info=&#8221;{}&#8221; sticky_enabled=&#8221;0&#8243;]EPMC Consulting is certified by the Ministry of Environment, Waters and Forests to prepare the following environmental protection and water management studies:<\/p>\n<ul>\n<li>Preparation of documentation supporting applications for environmental regulatory permits (Environmental Opinion, Environmental Permit, Environmental Authorization);<\/li>\n<li>Environmental Reports;<\/li>\n<li>Project Presentation Memoranda;<\/li>\n<li>Environmental Impact Assessment (EIA) Studies;<\/li>\n<li>Appropriate Assessment Studies;<\/li>\n<li>Project Information Sheets;<\/li>\n<li>Environmental Audits;<\/li>\n<li>Application Forms and Site Reports for IPPC installations.<\/li>\n<\/ul>\n<p>[\/et_pb_blurb][\/et_pb_column_inner][\/et_pb_row_inner][\/et_pb_column][et_pb_column type=&#8221;1_3&#8243; _builder_version=&#8221;4.16&#8243; custom_padding=&#8221;|||&#8221; global_colors_info=&#8221;{}&#8221; padding_top__hover=&#8221;0px&#8221; parallax__hover=&#8221;off&#8221; parallax_method__hover=&#8221;on&#8221; custom_padding__hover=&#8221;|||&#8221;][et_pb_blurb url=&#8221;#&#8221; image=&#8221;https:\/\/epmc.ro\/en\/wp-content\/uploads\/2024\/03\/epmc-logo-color.png&#8221; image_icon_width=&#8221;100px&#8221; admin_label=&#8221;EPMC&#8221; _builder_version=&#8221;4.27.5&#8243; header_font=&#8221;|700|||||||&#8221; header_text_color=&#8221;#2e2545&#8243; header_line_height=&#8221;1.5em&#8221; body_text_align=&#8221;left&#8221; body_font_size=&#8221;16px&#8221; body_line_height=&#8221;1.9em&#8221; background_color=&#8221;#ffffff&#8221; text_orientation=&#8221;center&#8221; custom_margin=&#8221;-80px|||&#8221; custom_padding=&#8221;30px|40px|30px|40px&#8221; animation_style=&#8221;zoom&#8221; animation_direction=&#8221;bottom&#8221; animation_intensity_zoom=&#8221;20%&#8221; animation_starting_opacity=&#8221;100%&#8221; box_shadow_style=&#8221;preset1&#8243; box_shadow_vertical=&#8221;0px&#8221; box_shadow_blur=&#8221;60px&#8221; box_shadow_color=&#8221;rgba(103,198,187,0.12)&#8221; image_max_width=&#8221;100px&#8221; saved_tabs=&#8221;all&#8221; global_colors_info=&#8221;{}&#8221; global_module=&#8221;2322&#8243; theme_builder_area=&#8221;post_content&#8221;]Within our projects, multidisciplinary teams of experts are mobilized, including environmental engineers, environmental specialists, design engineers with various technical specializations, site supervisors, economists, legal experts, and other relevant professionals.[\/et_pb_blurb][\/et_pb_column][\/et_pb_section][et_pb_section fb_built=&#8221;1&#8243; _builder_version=&#8221;4.24.2&#8243; _module_preset=&#8221;default&#8221; custom_margin=&#8221;0px||||false|false&#8221; custom_padding=&#8221;0px||||false|false&#8221; global_colors_info=&#8221;{}&#8221;][et_pb_row _builder_version=&#8221;4.27.5&#8243; _module_preset=&#8221;default&#8221; hover_enabled=&#8221;0&#8243; global_colors_info=&#8221;{}&#8221; disabled_on=&#8221;on|on|on&#8221; disabled=&#8221;on&#8221; sticky_enabled=&#8221;0&#8243;][et_pb_column type=&#8221;4_4&#8243; _builder_version=&#8221;4.24.2&#8243; _module_preset=&#8221;default&#8221; global_colors_info=&#8221;{}&#8221;][et_pb_divider show_divider=&#8221;off&#8221; disabled_on=&#8221;on|on|off&#8221; _builder_version=&#8221;4.24.2&#8243; _module_preset=&#8221;default&#8221; min_height=&#8221;20px&#8221; global_colors_info=&#8221;{}&#8221;][\/et_pb_divider][et_pb_text _builder_version=&#8221;4.24.2&#8243; _module_preset=&#8221;default&#8221; global_colors_info=&#8221;{}&#8221;]<\/p>\n<h3>ETAPE \u0218I SERVICII:<\/h3>\n<p>[\/et_pb_text][et_pb_toggle title=&#8221;1. Planificare (planuri, programe, strategii)&#8221; icon_color=&#8221;#51a39a&#8221; toggle_icon=&#8221;&#x50;||divi||400&#8243; open_icon_color=&#8221;#67c6bb&#8221; open_toggle_icon=&#8221;&#x4f;||divi||400&#8243; admin_label=&#8221;1. Planificare (planuri, programe, strategii)&#8221; _builder_version=&#8221;4.24.2&#8243; _module_preset=&#8221;default&#8221; custom_css_free_form=&#8221;selector li {||  margin-left: 10px;||}&#8221; global_colors_info=&#8221;{}&#8221;]<\/p>\n<ul>\n<li>Oferirea informa\u0163iilor cu privire la necesitatea derul\u0103rii procedurii de evaluare strategic\u0103 de mediu;<\/li>\n<li>Evaluarea impactului asupra mediului asociat planului\/programului propus;&nbsp;<\/li>\n<li>Participarea la grupurile de lucru organizate \u00een cadrul autorit\u0103\u0163ilor competente pentru protec\u0163ia mediului;<\/li>\n<li>Elaborarea raportului de mediu (RM);<\/li>\n<li>Asigurarea suportului tehnic pe parcursul \u00eentregii proceduri de reglementare;<\/li>\n<li>Ob\u0163inerea avizului de mediu.<\/li>\n<\/ul>\n<p>[\/et_pb_toggle][et_pb_toggle title=&#8221;2. Construire&#8221; icon_color=&#8221;#51a39a&#8221; toggle_icon=&#8221;&#x50;||divi||400&#8243; open_icon_color=&#8221;#67c6bb&#8221; open_toggle_icon=&#8221;&#x4f;||divi||400&#8243; admin_label=&#8221;2. Construire&#8221; _builder_version=&#8221;4.24.2&#8243; _module_preset=&#8221;default&#8221; custom_css_free_form=&#8221;selector li {||  margin-left: 10px;||}&#8221; global_colors_info=&#8221;{}&#8221;]<\/p>\n<ul>\n<li>Oferirea informa\u0163iilor cu privire la necesitatea derul\u0103rii procedurii de evaluare a impactului asupra mediului sau a procedurii de evaluare adecvat\u0103;<\/li>\n<li>Evaluarea impactului asupra mediului asociat proiectului propus;&nbsp;<\/li>\n<li>Elaborarea memoriului de prezentare, a raportului la studiul de evaluare a impactului asupra mediului (RIM), a studiului de evaluare adecvat\u0103 (EA) \u015fi a documenta\u0163iei \u00een vederea ob\u0163inerii avizului de gospod\u0103rire a apei;<\/li>\n<li>Sus\u0163inerea documenta\u0163iilor \u00een \u015fedin\u0163ele organizate de c\u0103tre autorit\u0103\u0163ile competente pentru protec\u0163ia mediului \u015fi \u00een dezbaterile publice;<\/li>\n<li>Ob\u0163inerea acordului de mediu, a avizului Natura 2000 \u015fi a avizului de gospod\u0103rire a apei,&nbsp;dup\u0103 caz.&nbsp;<\/li>\n<\/ul>\n<p>[\/et_pb_toggle][et_pb_toggle title=&#8221;3. Punere \u00een func\u0163iune&#8221; icon_color=&#8221;#51a39a&#8221; toggle_icon=&#8221;&#x50;||divi||400&#8243; open_icon_color=&#8221;#67c6bb&#8221; open_toggle_icon=&#8221;&#x4f;||divi||400&#8243; admin_label=&#8221;3. Punere \u00een func\u0163iune&#8221; _builder_version=&#8221;4.24.2&#8243; _module_preset=&#8221;default&#8221; custom_css_free_form=&#8221;selector li {||  margin-left: 10px;||}&#8221; global_colors_info=&#8221;{}&#8221;]<\/p>\n<ul>\n<li>Evaluarea impactului asupra mediului asociat activit\u0103\u0163ii propuse;&nbsp;<\/li>\n<li>Oferirea solu\u0163iilor de conformare cu cele mai bune tehnici \u00een domeniu;<\/li>\n<li>Elaborarea fi\u015fei de prezentare \u015fi declara\u0163ie, a raportului de amplasament (RA) \u015fi a documenta\u0163iei \u00een vederea ob\u0163inerii autoriza\u0163iei de gospod\u0103rire a apelor;<\/li>\n<li>Asigurarea suportului tehnic pe parcursul \u00eentregii proceduri de reglementare;<\/li>\n<li>Ob\u0163inerea autoriza\u0163iei de gospod\u0103rire a apelor, a autoriza\u0163iei de mediu sau a autoriza\u0163iei integrate de mediu, dup\u0103 caz.<\/li>\n<\/ul>\n<p>[\/et_pb_toggle][et_pb_toggle title=&#8221;4. Monitorizare activitate&#8221; icon_color=&#8221;#51a39a&#8221; toggle_icon=&#8221;&#x50;||divi||400&#8243; open_icon_color=&#8221;#67c6bb&#8221; open_toggle_icon=&#8221;&#x4f;||divi||400&#8243; admin_label=&#8221;4. Monitorizare activitate&#8221; _builder_version=&#8221;4.24.2&#8243; _module_preset=&#8221;default&#8221; custom_css_free_form=&#8221;selector li {||  margin-left: 10px;||}&#8221; global_colors_info=&#8221;{}&#8221;]<\/p>\n<ul>\n<li>Realizarea auditului de mediu \u00een vederea identific\u0103rii problemelor de mediu \u015fi de gospod\u0103rire a apelor;<\/li>\n<li>Realizarea auditului de de\u015feuri;<\/li>\n<li>Elaborarea expertizelor de mediu \u00een situa\u0163ii de disfunc\u0163ionalit\u0103\u0163i ale activit\u0103\u0163ii, generatoare de impact asupra mediului \u015fi propunerea solu\u0163iilor remediere;<\/li>\n<li>Servicii integrate pe parcursul func\u0163ion\u0103rii unei activit\u0103\u0163i &#8211; abonament de mediu (download abonament de mediu).<\/li>\n<\/ul>\n<p>[\/et_pb_toggle][et_pb_toggle title=&#8221;5. Optimizare activitate&#8221; icon_color=&#8221;#51a39a&#8221; toggle_icon=&#8221;&#x50;||divi||400&#8243; open_icon_color=&#8221;#67c6bb&#8221; open_toggle_icon=&#8221;&#x4f;||divi||400&#8243; admin_label=&#8221;5. Optimizare activitate&#8221; _builder_version=&#8221;4.24.2&#8243; _module_preset=&#8221;default&#8221; custom_css_free_form=&#8221;selector li {||  margin-left: 10px;||}&#8221; global_colors_info=&#8221;{}&#8221;]<\/p>\n<ul>\n<li>\u00centocmirea documenta\u0163iilor \u00een vederea revizuirii autoriza\u0163iilor expirate;<\/li>\n<li>Elaborarea bilan\u0163urilor de mediu de nivel I \u015fi de nivel II;<\/li>\n<li>Realizarea unui audit de mediu \u00een vederea identific\u0103rii problemelor de mediu \u015fi propunerii solu\u0163iilor optime de conformare cu cele mai bune tehnici disponibile \u00een domeniu.<\/li>\n<\/ul>\n<p>[\/et_pb_toggle][et_pb_toggle title=&#8221;6. \u00cenchidere activitate&#8221; icon_color=&#8221;#51a39a&#8221; toggle_icon=&#8221;&#x50;||divi||400&#8243; open_icon_color=&#8221;#67c6bb&#8221; open_toggle_icon=&#8221;&#x4f;||divi||400&#8243; admin_label=&#8221;6. \u00cenchidere activitate&#8221; _builder_version=&#8221;4.24.2&#8243; _module_preset=&#8221;default&#8221; custom_css_free_form=&#8221;selector li {||  margin-left: 10px;||}&#8221; global_colors_info=&#8221;{}&#8221;]<\/p>\n<ul>\n<li>Elaborarea bilan\u0163urilor de mediu de nivel I \u015fi de nivel II;<\/li>\n<li>Identificarea solu\u0163iilor de conformare cu cerin\u0163ele privind protec\u0163ia mediului \u015fi gospod\u0103rirea apelor la sistarea activit\u0103\u0163ii.<\/li>\n<\/ul>\n<p>[\/et_pb_toggle][\/et_pb_column][\/et_pb_row][\/et_pb_section]<\/p>\n","protected":false},"excerpt":{"rendered":"<p>EPMC CONSULTING environmental protectionEPMC provides services for preparing environmental protection studies and for obtaining regulatory permits in the fields of environmental protection and water management, starting from the investment planning stage through operation, optimization, and closure of activities.EPMC Consulting is certified by the Ministry of Environment, Waters and Forests to prepare the following environmental protection [&hellip;]<\/p>\n","protected":false},"author":1,"featured_media":0,"parent":413,"menu_order":0,"comment_status":"closed","ping_status":"closed","template":"","meta":{"_et_pb_use_builder":"on","_et_pb_old_content":"","_et_gb_content_width":"","footnotes":""},"class_list":["post-518","page","type-page","status-publish","hentry"],"_links":{"self":[{"href":"https:\/\/epmc.ro\/en\/wp-json\/wp\/v2\/pages\/518","targetHints":{"allow":["GET"]}}],"collection":[{"href":"https:\/\/epmc.ro\/en\/wp-json\/wp\/v2\/pages"}],"about":[{"href":"https:\/\/epmc.ro\/en\/wp-json\/wp\/v2\/types\/page"}],"author":[{"embeddable":true,"href":"https:\/\/epmc.ro\/en\/wp-json\/wp\/v2\/users\/1"}],"replies":[{"embeddable":true,"href":"https:\/\/epmc.ro\/en\/wp-json\/wp\/v2\/comments?post=518"}],"version-history":[{"count":6,"href":"https:\/\/epmc.ro\/en\/wp-json\/wp\/v2\/pages\/518\/revisions"}],"predecessor-version":[{"id":2357,"href":"https:\/\/epmc.ro\/en\/wp-json\/wp\/v2\/pages\/518\/revisions\/2357"}],"up":[{"embeddable":true,"href":"https:\/\/epmc.ro\/en\/wp-json\/wp\/v2\/pages\/413"}],"wp:attachment":[{"href":"https:\/\/epmc.ro\/en\/wp-json\/wp\/v2\/media?parent=518"}],"curies":[{"name":"wp","href":"https:\/\/api.w.org\/{rel}","templated":true}]}}